{"id":24,"date":"2021-08-07T21:05:28","date_gmt":"2021-08-07T19:05:28","guid":{"rendered":"https:\/\/www.turnverein-geisenfeld.de\/la\/wordpress\/?page_id=24"},"modified":"2021-11-28T12:11:49","modified_gmt":"2021-11-28T11:11:49","slug":"sportabzeichen","status":"publish","type":"page","link":"https:\/\/www.turnverein-geisenfeld.de\/la\/wordpress\/sportabzeichen\/","title":{"rendered":"Sportabzeichen"},"content":{"rendered":"\n<p>Trainingszeiten:<\/p>\n\n\n\n<figure class=\"wp-block-table\"><table><tbody><tr><td><strong>Jahrgang<\/strong><\/td><td><strong>Gruppe<\/strong><\/td><td><strong>Trainingszeit<\/strong><\/td><td><strong>Trainer<\/strong><\/td><\/tr><tr><td>alle Jahrg\u00e4nge<\/td><td>Sportabzeichen<\/td><td> Donnerstag, 19:00-20:00 <\/td><td>Sabine und J\u00fcrgen Gigl<\/td><\/tr><\/tbody><\/table><\/figure>\n\n\n\n<p>Das Sportabzeichentraining steht f\u00fcr alle Mitglieder des TV Geisenfeld, aber auch f\u00fcr Nicht-Mitglieder offen. Dort werden die leichtathletischen Disziplinen ge\u00fcbt und die Leistung abgenommen. Die Verleihung der Sportabzeichen erfolgt am Anfang des Folgejahres, normalerweise im Rahmen der Hauptsitzung der Leichtathletik-Abteilung.<\/p>\n\n\n\n<p>Kontakt: Sabine und J\u00fcrgen Gigl, Tel: 08452-8791<\/p>\n\n\n\n<p>Ausserdem kann das Sportabzeichen im Rahmen des normalen Leichtathletik-Trainings durchgef\u00fchrt werden.<\/p>\n\n\n\n<p>Link: <a href=\"https:\/\/www.deutsches-sportabzeichen.de\/\">https:\/\/www.deutsches-sportabzeichen.de\/<\/a><\/p>\n","protected":false},"excerpt":{"rendered":"<p>Trainingszeiten: Jahrgang Gruppe Trainingszeit Trainer alle Jahrg\u00e4nge Sportabzeichen Donnerstag, 19:00-20:00 Sabine und J\u00fcrgen Gigl Das Sportabzeichentraining steht f\u00fcr alle Mitglieder des TV Geisenfeld, aber auch f\u00fcr Nicht-Mitglieder offen. Dort werden die leichtathletischen Disziplinen ge\u00fcbt und die Leistung abgenommen. Die Verleihung der Sportabzeichen erfolgt am Anfang des Folgejahres, normalerweise im Rahmen der Hauptsitzung der Leichtathletik-Abteilung. Kontakt: [&hellip;]<\/p>\n","protected":false},"author":2,"featured_media":0,"parent":0,"menu_order":0,"comment_status":"closed","ping_status":"closed","template":"","meta":{"site-sidebar-layout":"default","site-content-layout":"default","ast-site-content-layout":"","site-content-style":"default","site-sidebar-style":"default","ast-global-header-display":"","ast-banner-title-visibility":"","ast-main-header-display":"","ast-hfb-above-header-display":"","ast-hfb-below-header-display":"","ast-hfb-mobile-header-display":"","site-post-title":"","ast-breadcrumbs-content":"","ast-featured-img":"","footer-sml-layout":"","theme-transparent-header-meta":"default","adv-header-id-meta":"","stick-header-meta":"","header-above-stick-meta":"","header-main-stick-meta":"","header-below-stick-meta":"","astra-migrate-meta-layouts":"default","ast-page-background-enabled":"default","ast-page-background-meta":{"desktop":{"background-color":"var(--ast-global-color-4)","background-image":"","background-repeat":"repeat","background-position":"center center","background-size":"auto","background-attachment":"scroll","background-type":"","background-media":"","overlay-type":"","overlay-color":"","overlay-opacity":"","overlay-gradient":""},"tablet":{"background-color":"","background-image":"","background-repeat":"repeat","background-position":"center center","background-size":"auto","background-attachment":"scroll","background-type":"","background-media":"","overlay-type":"","overlay-color":"","overlay-opacity":"","overlay-gradient":""},"mobile":{"background-color":"","background-image":"","background-repeat":"repeat","background-position":"center center","background-size":"auto","background-attachment":"scroll","background-type":"","background-media":"","overlay-type":"","overlay-color":"","overlay-opacity":"","overlay-gradient":""}},"ast-content-background-meta":{"desktop":{"background-color":"var(--ast-global-color-5)","background-image":"","background-repeat":"repeat","background-position":"center center","background-size":"auto","background-attachment":"scroll","background-type":"","background-media":"","overlay-type":"","overlay-color":"","overlay-opacity":"","overlay-gradient":""},"tablet":{"background-color":"var(--ast-global-color-5)","background-image":"","background-repeat":"repeat","background-position":"center center","background-size":"auto","background-attachment":"scroll","background-type":"","background-media":"","overlay-type":"","overlay-color":"","overlay-opacity":"","overlay-gradient":""},"mobile":{"background-color":"var(--ast-global-color-5)","background-image":"","background-repeat":"repeat","background-position":"center center","background-size":"auto","background-attachment":"scroll","background-type":"","background-media":"","overlay-type":"","overlay-color":"","overlay-opacity":"","overlay-gradient":""}},"footnotes":""},"class_list":["post-24","page","type-page","status-publish","hentry"],"_links":{"self":[{"href":"https:\/\/www.turnverein-geisenfeld.de\/la\/wordpress\/wp-json\/wp\/v2\/pages\/24","targetHints":{"allow":["GET"]}}],"collection":[{"href":"https:\/\/www.turnverein-geisenfeld.de\/la\/wordpress\/wp-json\/wp\/v2\/pages"}],"about":[{"href":"https:\/\/www.turnverein-geisenfeld.de\/la\/wordpress\/wp-json\/wp\/v2\/types\/page"}],"author":[{"embeddable":true,"href":"https:\/\/www.turnverein-geisenfeld.de\/la\/wordpress\/wp-json\/wp\/v2\/users\/2"}],"replies":[{"embeddable":true,"href":"https:\/\/www.turnverein-geisenfeld.de\/la\/wordpress\/wp-json\/wp\/v2\/comments?post=24"}],"version-history":[{"count":6,"href":"https:\/\/www.turnverein-geisenfeld.de\/la\/wordpress\/wp-json\/wp\/v2\/pages\/24\/revisions"}],"predecessor-version":[{"id":156,"href":"https:\/\/www.turnverein-geisenfeld.de\/la\/wordpress\/wp-json\/wp\/v2\/pages\/24\/revisions\/156"}],"wp:attachment":[{"href":"https:\/\/www.turnverein-geisenfeld.de\/la\/wordpress\/wp-json\/wp\/v2\/media?parent=24"}],"curies":[{"name":"wp","href":"https:\/\/api.w.org\/{rel}","templated":true}]}}